{"id":496,"date":"2024-04-10T09:34:59","date_gmt":"2024-04-10T07:34:59","guid":{"rendered":"https:\/\/pinot.vinnovation.fr\/?post_type=product&#038;p=496"},"modified":"2024-04-10T11:32:56","modified_gmt":"2024-04-10T09:32:56","slug":"blanc-jasmin","status":"publish","type":"product","link":"https:\/\/pinot.vinnovation.fr\/?product=blanc-jasmin","title":{"rendered":"Blanc jasmin"},"content":{"rendered":"<p><span style=\"font-weight: 400;\">Notre &#8220;Blanc Jasmin&#8221; est une \u00e9l\u00e9gante fusion de Roussanne et Vermentino en AOP Languedoc, offrant un vin blanc l\u00e9ger et distinctement floral. Id\u00e9al pour \u00e9lever vos repas d\u00e9licats, il se marie \u00e0 merveille avec des fruits de mer ou des entr\u00e9es fines. Ce vin se distingue par sa structure d\u00e9licate, sa bouche rafra\u00eechissante et ses ar\u00f4mes envo\u00fbtants de fleurs blanches, ponctu\u00e9s de notes de jasmin. Un choix raffin\u00e9 pour les connaisseurs de vins blancs l\u00e9gers, expressifs et finement cisel\u00e9s.<\/span><\/p>\n","protected":false},"excerpt":{"rendered":"<p>Notre &#8220;Blanc Jasmin&#8221; est une \u00e9l\u00e9gante fusion de Roussanne et Vermentino en AOP Languedoc, offrant un vin blanc l\u00e9ger et<\/p>\n","protected":false},"featured_media":498,"comment_status":"closed","ping_status":"closed","template":"","meta":[],"product_cat":[16],"product_tag":[],"class_list":{"0":"post-496","1":"product","2":"type-product","3":"status-publish","4":"has-post-thumbnail","6":"product_cat-uncategorized","8":"first","9":"instock","10":"shipping-taxable","11":"purchasable","12":"product-type-simple"},"_links":{"self":[{"href":"https:\/\/pinot.vinnovation.fr\/index.php?rest_route=\/wp\/v2\/product\/496"}],"collection":[{"href":"https:\/\/pinot.vinnovation.fr\/index.php?rest_route=\/wp\/v2\/product"}],"about":[{"href":"https:\/\/pinot.vinnovation.fr\/index.php?rest_route=\/wp\/v2\/types\/product"}],"replies":[{"embeddable":true,"href":"https:\/\/pinot.vinnovation.fr\/index.php?rest_route=%2Fwp%2Fv2%2Fcomments&post=496"}],"wp:featuredmedia":[{"embeddable":true,"href":"https:\/\/pinot.vinnovation.fr\/index.php?rest_route=\/wp\/v2\/media\/498"}],"wp:attachment":[{"href":"https:\/\/pinot.vinnovation.fr\/index.php?rest_route=%2Fwp%2Fv2%2Fmedia&parent=496"}],"wp:term":[{"taxonomy":"product_cat","embeddable":true,"href":"https:\/\/pinot.vinnovation.fr\/index.php?rest_route=%2Fwp%2Fv2%2Fproduct_cat&post=496"},{"taxonomy":"product_tag","embeddable":true,"href":"https:\/\/pinot.vinnovation.fr\/index.php?rest_route=%2Fwp%2Fv2%2Fproduct_tag&post=496"}],"curies":[{"name":"wp","href":"https:\/\/api.w.org\/{rel}","templated":true}]}}