{"id":478,"date":"2024-03-26T18:32:49","date_gmt":"2024-03-26T17:32:49","guid":{"rendered":"https:\/\/pinot.vinnovation.fr\/?post_type=product&#038;p=478"},"modified":"2024-04-10T10:44:36","modified_gmt":"2024-04-10T08:44:36","slug":"rouge-grand-cru","status":"publish","type":"product","link":"https:\/\/pinot.vinnovation.fr\/?product=rouge-grand-cru","title":{"rendered":"Rouge Grand Cru"},"content":{"rendered":"<p><span style=\"font-weight: 400;\">Le &#8220;Rouge Grand Cru&#8221; est notre joyau en AOP Languedoc, n\u00e9 de l&#8217;assemblage m\u00e9ticuleux de Syrah et Grenache. \u00c9lev\u00e9 deux ans en f\u00fbts de ch\u00eane, ce vin rouge d\u00e9voile une complexit\u00e9 et une profondeur in\u00e9gal\u00e9es. Ses ar\u00f4mes intenses de fruits noirs, \u00e9pices, et une touche subtile de bois\u00e9 invitent \u00e0 la d\u00e9couverte. En bouche, il offre une structure robuste, des tanins soyeux, et une longue finale, promesse d&#8217;un moment gustatif exceptionnel. Id\u00e9al avec des plats riches, comme un gibier \u00e0 la sauce aux truffes ou un fromage affin\u00e9, le &#8220;Rouge Grand Cru&#8221; est une c\u00e9l\u00e9bration du savoir-faire et de la passion de notre domaine.<\/span><\/p>\n","protected":false},"excerpt":{"rendered":"<p>Le &#8220;Rouge Grand Cru&#8221; est notre joyau en AOP Languedoc, n\u00e9 de l&#8217;assemblage m\u00e9ticuleux de Syrah et Grenache. \u00c9lev\u00e9 deux<\/p>\n","protected":false},"featured_media":483,"comment_status":"closed","ping_status":"closed","template":"","meta":[],"product_cat":[16],"product_tag":[],"class_list":{"0":"post-478","1":"product","2":"type-product","3":"status-publish","4":"has-post-thumbnail","6":"product_cat-uncategorized","8":"first","9":"instock","10":"shipping-taxable","11":"purchasable","12":"product-type-simple"},"_links":{"self":[{"href":"https:\/\/pinot.vinnovation.fr\/index.php?rest_route=\/wp\/v2\/product\/478"}],"collection":[{"href":"https:\/\/pinot.vinnovation.fr\/index.php?rest_route=\/wp\/v2\/product"}],"about":[{"href":"https:\/\/pinot.vinnovation.fr\/index.php?rest_route=\/wp\/v2\/types\/product"}],"replies":[{"embeddable":true,"href":"https:\/\/pinot.vinnovation.fr\/index.php?rest_route=%2Fwp%2Fv2%2Fcomments&post=478"}],"wp:featuredmedia":[{"embeddable":true,"href":"https:\/\/pinot.vinnovation.fr\/index.php?rest_route=\/wp\/v2\/media\/483"}],"wp:attachment":[{"href":"https:\/\/pinot.vinnovation.fr\/index.php?rest_route=%2Fwp%2Fv2%2Fmedia&parent=478"}],"wp:term":[{"taxonomy":"product_cat","embeddable":true,"href":"https:\/\/pinot.vinnovation.fr\/index.php?rest_route=%2Fwp%2Fv2%2Fproduct_cat&post=478"},{"taxonomy":"product_tag","embeddable":true,"href":"https:\/\/pinot.vinnovation.fr\/index.php?rest_route=%2Fwp%2Fv2%2Fproduct_tag&post=478"}],"curies":[{"name":"wp","href":"https:\/\/api.w.org\/{rel}","templated":true}]}}