{"id":429,"date":"2024-03-24T19:44:39","date_gmt":"2024-03-24T18:44:39","guid":{"rendered":"https:\/\/pinot.vinnovation.fr\/?post_type=product&#038;p=429"},"modified":"2024-04-10T10:48:38","modified_gmt":"2024-04-10T08:48:38","slug":"rouge-cerise","status":"publish","type":"product","link":"https:\/\/pinot.vinnovation.fr\/?product=rouge-cerise","title":{"rendered":"Rouge Cerise"},"content":{"rendered":"<p>Notre &#8220;Rouge Cerise&#8221; est une expression raffin\u00e9e du Cinsault en AOP Languedoc : un vin l\u00e9ger, certes, mais d&#8217;une qualit\u00e9 et finesse exceptionnelles. Id\u00e9al pour sublimer vos repas estivaux, il accompagne avec \u00e9l\u00e9gance grillades fines et fromages d\u00e9licats. Ce vin s\u00e9duit par sa finesse, sa fra\u00eecheur et ses notes d\u00e9licates de cerise et framboise. Un choix distingu\u00e9 pour ceux qui appr\u00e9cient les vins l\u00e9gers et soign\u00e9s.<\/p>\n","protected":false},"excerpt":{"rendered":"<p>Fin, a\u00e9rien, fruit\u00e9, amical<\/p>\n","protected":false},"featured_media":484,"comment_status":"closed","ping_status":"closed","template":"","meta":[],"product_cat":[16],"product_tag":[],"class_list":{"0":"post-429","1":"product","2":"type-product","3":"status-publish","4":"has-post-thumbnail","6":"product_cat-uncategorized","8":"first","9":"instock","10":"shipping-taxable","11":"purchasable","12":"product-type-simple"},"_links":{"self":[{"href":"https:\/\/pinot.vinnovation.fr\/index.php?rest_route=\/wp\/v2\/product\/429"}],"collection":[{"href":"https:\/\/pinot.vinnovation.fr\/index.php?rest_route=\/wp\/v2\/product"}],"about":[{"href":"https:\/\/pinot.vinnovation.fr\/index.php?rest_route=\/wp\/v2\/types\/product"}],"replies":[{"embeddable":true,"href":"https:\/\/pinot.vinnovation.fr\/index.php?rest_route=%2Fwp%2Fv2%2Fcomments&post=429"}],"wp:featuredmedia":[{"embeddable":true,"href":"https:\/\/pinot.vinnovation.fr\/index.php?rest_route=\/wp\/v2\/media\/484"}],"wp:attachment":[{"href":"https:\/\/pinot.vinnovation.fr\/index.php?rest_route=%2Fwp%2Fv2%2Fmedia&parent=429"}],"wp:term":[{"taxonomy":"product_cat","embeddable":true,"href":"https:\/\/pinot.vinnovation.fr\/index.php?rest_route=%2Fwp%2Fv2%2Fproduct_cat&post=429"},{"taxonomy":"product_tag","embeddable":true,"href":"https:\/\/pinot.vinnovation.fr\/index.php?rest_route=%2Fwp%2Fv2%2Fproduct_tag&post=429"}],"curies":[{"name":"wp","href":"https:\/\/api.w.org\/{rel}","templated":true}]}}